{"id":7426,"date":"2024-08-27T14:15:53","date_gmt":"2024-08-27T12:15:53","guid":{"rendered":"https:\/\/yerbajo.com\/intellectual-property-and-copyright\/"},"modified":"2024-10-10T21:54:29","modified_gmt":"2024-10-10T19:54:29","slug":"intellectual-property-and-copyright","status":"publish","type":"page","link":"https:\/\/yerbajo.com\/en\/intellectual-property-and-copyright\/","title":{"rendered":"Intellectual Property and Copyright"},"content":{"rendered":"\t\t<div data-elementor-type=\"wp-page\" data-elementor-id=\"7426\" class=\"elementor elementor-7426 elementor-2996\" data-elementor-post-type=\"page\">\n\t\t\t\t\t\t<section class=\"elementor-section elementor-top-section elementor-element elementor-element-bc8cbde elementor-section-full_width elementor-section-height-default elementor-section-height-default\" data-id=\"bc8cbde\" data-element_type=\"section\" data-e-type=\"section\" data-settings=\"{&quot;wdt_bg_image&quot;:{&quot;url&quot;:&quot;&quot;,&quot;id&quot;:&quot;&quot;,&quot;size&quot;:&quot;&quot;},&quot;wdt_bg_image_laptop&quot;:{&quot;url&quot;:&quot;&quot;,&quot;id&quot;:&quot;&quot;,&quot;size&quot;:&quot;&quot;},&quot;wdt_bg_image_tablet_extra&quot;:{&quot;url&quot;:&quot;&quot;,&quot;id&quot;:&quot;&quot;,&quot;size&quot;:&quot;&quot;},&quot;wdt_bg_image_tablet&quot;:{&quot;url&quot;:&quot;&quot;,&quot;id&quot;:&quot;&quot;,&quot;size&quot;:&quot;&quot;},&quot;wdt_bg_image_mobile_extra&quot;:{&quot;url&quot;:&quot;&quot;,&quot;id&quot;:&quot;&quot;,&quot;size&quot;:&quot;&quot;},&quot;wdt_bg_image_mobile&quot;:{&quot;url&quot;:&quot;&quot;,&quot;id&quot;:&quot;&quot;,&quot;size&quot;:&quot;&quot;},&quot;wdt_bg_position&quot;:&quot;center center&quot;,&quot;wdt_animation_effect&quot;:&quot;none&quot;}\">\n\t\t\t\t\t\t<div class=\"elementor-container elementor-column-gap-default\">\n\t\t\t\t\t<div class=\"elementor-column elementor-col-100 elementor-top-column elementor-element elementor-element-95e2b4e\" data-id=\"95e2b4e\" data-element_type=\"column\" data-e-type=\"column\">\n\t\t\t<div class=\"elementor-widget-wrap elementor-element-populated\">\n\t\t\t\t\t\t<div class=\"elementor-element elementor-element-5351e2f elementor-widget elementor-widget-text-editor\" data-id=\"5351e2f\" data-element_type=\"widget\" data-e-type=\"widget\" data-settings=\"{&quot;wdt_animation_effect&quot;:&quot;none&quot;}\" data-widget_type=\"text-editor.default\">\n\t\t\t\t<div class=\"elementor-widget-container\">\n\t\t\t\t\t\t\t\t\t<p><\/p>\n<p><b>INTELLECTUAL PROPERTY AND COPYRIGHT<\/b><\/p>\n<p><span style=\"font-weight: 400;\">All visual content, including illustrations, designs, logos, images, graphics, and any other artwork created and published at <\/span><a href=\"http:\/\/www.yerbajo.com\/\"><b>www.yerbajo.com<\/b><\/a><span style=\"font-weight: 400;\">is the exclusive property of <\/span><b>Mar\u00eda Pilar Jim\u00e9nez Gazulla<\/b><span style=\"font-weight: 400;\"> and is protected by Spanish and international copyright and intellectual property laws.<\/span><\/p>\n<ol>\n<li><b>  Copyright:<\/b><\/li>\n<\/ol>\n<ul>\n<li style=\"font-weight: 400;\" aria-level=\"1\"><b>Mar\u00eda Pilar Jim\u00e9nez Gazulla<\/b><span style=\"font-weight: 400;\"> is the owner of all copyrights on the illustrations and designs published on this website, unless expressly stated otherwise.<\/span><\/li>\n<li style=\"font-weight: 400;\" aria-level=\"1\"><span style=\"font-weight: 400;\">The use, reproduction, distribution, modification or any other form of exploitation, in whole or in part, of the graphic contents of this website without the prior written authorization of the owner is strictly prohibited. <\/span><b>is strictly forbidden<\/b><span style=\"font-weight: 400;\">.<\/span><\/li>\n<\/ul>\n<ol start=\"2\">\n<li><b>  Commercial use:<\/b><\/li>\n<\/ol>\n<ul>\n<li style=\"font-weight: 400;\" aria-level=\"1\"><span style=\"font-weight: 400;\">Illustrations and designs may not be used for commercial purposes without the express permission of <\/span><b>Mar\u00eda Pilar Jim\u00e9nez Gazulla<\/b><span style=\"font-weight: 400;\">.<br \/>\nCualquier uso no autorizado podr\u00e1 dar lugar a acciones legales en defensa de los derechos de propiedad intelectual. <\/span><\/li>\n<\/ul>\n<ol start=\"3\">\n<li><b>  Personalized orders:<\/b><\/li>\n<\/ol>\n<ul>\n<li style=\"font-weight: 400;\" aria-level=\"1\"><span style=\"font-weight: 400;\">In cases where custom design or illustration commissions are made, the rights to exploit the work may be assigned to third parties in accordance with the terms agreed between the parties.<br \/>\nHowever, unless otherwise agreed,   <\/span><b>Mar\u00eda Pilar Jim\u00e9nez Gazulla<\/b><span style=\"font-weight: 400;\"> will maintain the copyright on the works, and any assignment will be limited to the agreed use.<\/span><\/li>\n<\/ul>\n<ol start=\"4\">\n<li><b>  Legal protection:<\/b><\/li>\n<\/ol>\n<ul>\n<li style=\"font-weight: 400;\" aria-level=\"1\"><span style=\"font-weight: 400;\">Any infringement of these rights may be legally prosecuted in accordance with Spanish law and applicable international intellectual property regulations.<\/span><\/li>\n<\/ul>\n<p><\/p>\n\t\t\t\t\t\t\t\t<\/div>\n\t\t\t\t<\/div>\n\t\t\t\t\t<\/div>\n\t\t<\/div>\n\t\t\t\t\t<\/div>\n\t\t<\/section>\n\t\t\t\t<\/div>\n\t\t","protected":false},"excerpt":{"rendered":"<p>INTELLECTUAL PROPERTY AND COPYRIGHT All visual content, including illustrations, designs, logos, images, graphics, and any other artwork created and published at www.yerbajo.comis the exclusive property of Mar\u00eda Pilar Jim\u00e9nez Gazulla and is protected by Spanish and international copyright and intellectual property laws. Copyright: Mar\u00eda Pilar Jim\u00e9nez Gazulla is the owner of all copyrights on the [&hellip;]<\/p>\n","protected":false},"author":2,"featured_media":0,"parent":0,"menu_order":0,"comment_status":"closed","ping_status":"closed","template":"elementor_header_footer","meta":{"footnotes":""},"class_list":["post-7426","page","type-page","status-publish","hentry"],"_links":{"self":[{"href":"https:\/\/yerbajo.com\/en\/wp-json\/wp\/v2\/pages\/7426","targetHints":{"allow":["GET"]}}],"collection":[{"href":"https:\/\/yerbajo.com\/en\/wp-json\/wp\/v2\/pages"}],"about":[{"href":"https:\/\/yerbajo.com\/en\/wp-json\/wp\/v2\/types\/page"}],"author":[{"embeddable":true,"href":"https:\/\/yerbajo.com\/en\/wp-json\/wp\/v2\/users\/2"}],"replies":[{"embeddable":true,"href":"https:\/\/yerbajo.com\/en\/wp-json\/wp\/v2\/comments?post=7426"}],"version-history":[{"count":9,"href":"https:\/\/yerbajo.com\/en\/wp-json\/wp\/v2\/pages\/7426\/revisions"}],"predecessor-version":[{"id":7868,"href":"https:\/\/yerbajo.com\/en\/wp-json\/wp\/v2\/pages\/7426\/revisions\/7868"}],"wp:attachment":[{"href":"https:\/\/yerbajo.com\/en\/wp-json\/wp\/v2\/media?parent=7426"}],"curies":[{"name":"wp","href":"https:\/\/api.w.org\/{rel}","templated":true}]}}